{"id":2317,"date":"2021-11-21T17:21:10","date_gmt":"2021-11-21T15:21:10","guid":{"rendered":"https:\/\/mysportx.eu\/?page_id=2317"},"modified":"2022-09-24T17:30:21","modified_gmt":"2022-09-24T15:30:21","slug":"riguardo-a-noi","status":"publish","type":"page","link":"https:\/\/mysportx.eu\/it\/riguardo-a-noi\/","title":{"rendered":"Riguardo a noi"},"content":{"rendered":"<section class=\"l-section wpb_row us_custom_bad58408 height_custom\"><div class=\"l-section-h i-cf\"><div class=\"g-cols vc_row via_grid cols_1 laptops-cols_inherit tablets-cols_inherit mobiles-cols_1 valign_top type_default stacking_default\"><div class=\"wpb_column vc_column_container us_custom_72fc42ef\"><div class=\"vc_column-inner\"><div class=\"wpb_text_column us_custom_d57451d8\"><div class=\"wpb_wrapper\"><h1 style=\"text-align: center;\">Riguardo a noi<\/h1>\n<\/div><\/div><div class=\"w-separator size_small\"><\/div><div class=\"wpb_text_column us_custom_33b9ee00\"><div class=\"wpb_wrapper\"><p>La nostra esperienza di marketing nel mondo dello sport, e in particolare nel settore del fitness, ci ha insegnato molte cose. Lavoriamo con gli atleti da molti anni e ci\u00f2 che li accomuna tutti \u00e8 che a causa degli allenamenti e della preparazione per gli eventi sportivi, non hanno il tempo e le energie per cercare qualcuno che crei un sito web per loro, per non parlare di gestire la promozione del sito web e dei social network. Tutti questi fatti ci hanno ispirato ad avviare il progetto <strong>Mysportx<\/strong>, che farebbe risparmiare a tutti voi che non avete tempo e conoscenze molte energie e tempo e che si prenderebbe cura della vostra presenza sui social media.<\/p>\n<p>Tuttavia, poich\u00e9 di solito non \u00e8 solo un problema nella creazione di un sito Web, ma anche nella cura del suo regolare funzionamento, il team di Mysportx ha aggiornato il progetto in un pacchetto completo:<strong>offriamo la creazione di un sito Web<\/strong>, mentre ci occupiamo anche della sua operazione liscia. Su tua richiesta, possiamo aggiornare il sito web con un negozio online dove puoi offrire il tuo materiale promozionale e abbigliamento. Se non hai ancora i tuoi vestiti, siamo l&#8217;indirizzo giusto per questo: <u>possiamo anche occuparci di abbigliamento sportivo personalizzato<\/u> e altro materiale promozionale. Oltre a tutto quanto sopra, possiamo occuparci anche della progettazione grafica e della creazione del tuo nuovo logo. Offriamo anche servizi di promozione sui social network. Ultimo ma non meno importante, possiamo anche fornire un fotografo che si occuper\u00e0 di foto professionali, perch\u00e9 la qualit\u00e0 del materiale delle immagini sul tuo sito web \u00e8 la cosa pi\u00f9 importante!<\/p>\n<p><strong>Mysportx<\/strong> amplia costantemente la sua offerta, poich\u00e9 siamo sempre alla ricerca di nuove aziende e colleghi per offrire il pacchetto migliore e pi\u00f9 completo sul mercato!<\/p>\n<\/div><\/div><div class=\"w-separator size_medium\"><\/div><\/div><\/div><\/div><\/div><\/section><section class=\"l-section wpb_row us_custom_a64b0e62 height_custom\"><div class=\"l-section-h i-cf\"><div class=\"g-cols vc_row via_grid cols_1 laptops-cols_inherit tablets-cols_inherit mobiles-cols_1 valign_top type_default stacking_default\"><div class=\"wpb_column vc_column_container\"><div class=\"vc_column-inner\"><div class=\"wpb_text_column\"><div class=\"wpb_wrapper\"><h2 style=\"text-align: center;\"><span style=\"color: #ffffff;\"><strong>Unisciti al numero crescente di clienti soddisfatti ed entra a far parte della famiglia Mysportx!<\/strong><\/span><\/h2>\n<\/div><\/div><div class=\"g-cols wpb_row hide_on_mobiles via_grid cols_2 laptops-cols_inherit tablets-cols_inherit mobiles-cols_1 valign_top type_default stacking_default\" style=\"--columns-gap:3rem;\"><div class=\"wpb_column vc_column_container\"><div class=\"vc_column-inner\"><div class=\"w-btn-wrapper align_right\"><a class=\"w-btn us-btn-style_1 us_custom_72fc42ef\" href=\"https:\/\/mysportx.eu\/it\/#prezzo\"><span class=\"w-btn-label\">VEDI PREZZI<\/span><\/a><\/div><\/div><\/div><div class=\"wpb_column vc_column_container\"><div class=\"vc_column-inner\"><div class=\"w-btn-wrapper align_none\"><a class=\"w-btn us-btn-style_1 us_custom_57cd38a0\" href=\"https:\/\/mysportx.eu\/it\/contatto\/\"><span class=\"w-btn-label\">CONTATTACI<\/span><\/a><\/div><\/div><\/div><\/div><div class=\"g-cols wpb_row hide_on_default hide_on_laptops hide_on_tablets via_grid cols_2 laptops-cols_inherit tablets-cols_inherit mobiles-cols_1 valign_top type_default stacking_default\" style=\"--columns-gap:3rem;\"><div class=\"wpb_column vc_column_container\"><div class=\"vc_column-inner\"><div class=\"w-btn-wrapper align_center\"><a class=\"w-btn us-btn-style_1 us_custom_72fc42ef\" href=\"https:\/\/mysportx.eu\/it\/#prezzo\"><span class=\"w-btn-label\">VEDI PREZZI<\/span><\/a><\/div><\/div><\/div><div class=\"wpb_column vc_column_container\"><div class=\"vc_column-inner\"><div class=\"w-btn-wrapper align_center\"><a class=\"w-btn us-btn-style_1 us_custom_57cd38a0\" href=\"https:\/\/mysportx.eu\/it\/contatto\/\"><span class=\"w-btn-label\">Contattaci<\/span><\/a><\/div><\/div><\/div><\/div><\/div><\/div><\/div><\/div><\/section><section class=\"l-section wpb_row us_custom_0d15be52 height_small\"><div class=\"l-section-h i-cf\"><div class=\"g-cols vc_row via_grid cols_2 laptops-cols_inherit tablets-cols_inherit mobiles-cols_1 valign_top type_default stacking_default\"><div class=\"wpb_column vc_column_container\"><div class=\"vc_column-inner\"><div class=\"w-text us_custom_46a8672c has_text_color\"><span class=\"w-text-h\"><span class=\"w-text-value\">DIVENTA AMBASCIATORE DI MYSPORTX<\/span><\/span><\/div><div class=\"wpb_text_column\"><div class=\"wpb_wrapper\"><p>Mysportx offre anche l\u2019opportunit\u00e0 di essere un ambasciatore del marchio in cambio di sconti e altri vantaggi. Scrivici e tratteremo la tua richiesta individualmente. <\/p>\n<\/div><\/div><div class=\"w-btn-wrapper align_center\"><a class=\"w-btn us-btn-style_4 us_custom_972c33a7\" href=\"https:\/\/mysportx.eu\/it\/contatto\/\"><span class=\"w-btn-label\">CONTATTACI<\/span><\/a><\/div><\/div><\/div><div class=\"wpb_column vc_column_container\"><div class=\"vc_column-inner\"><div class=\"w-text us_custom_46a8672c has_text_color\"><span class=\"w-text-h\"><span class=\"w-text-value\">DIVENTA PARTNER MYSPORTX<\/span><\/span><\/div><div class=\"wpb_text_column\"><div class=\"wpb_wrapper\"><p>Mysportx \u00e8 alla ricerca di nuovi fornitori di servizi, fotografi, marchi e marketer per migliorare l\u2019esperienza dell\u2019utente. Tutti coloro che potrebbero contribuire a un\u2019offerta ancora pi\u00f9 grande sono invitati a partecipare al progetto Myposportx. Contattaci e tratteremo la tua richiesta individualmente.<\/p>\n<\/div><\/div><div class=\"w-btn-wrapper align_center\"><a class=\"w-btn us-btn-style_4 us_custom_972c33a7\" href=\"https:\/\/mysportx.eu\/it\/contatto\/\"><span class=\"w-btn-label\">CONTATTACI<\/span><\/a><\/div><\/div><\/div><\/div><\/div><\/section>\n","protected":false},"excerpt":{"rendered":"","protected":false},"author":1,"featured_media":0,"parent":0,"menu_order":0,"comment_status":"closed","ping_status":"closed","template":"","meta":{"footnotes":""},"class_list":["post-2317","page","type-page","status-publish","hentry"],"_links":{"self":[{"href":"https:\/\/mysportx.eu\/it\/wp-json\/wp\/v2\/pages\/2317","targetHints":{"allow":["GET"]}}],"collection":[{"href":"https:\/\/mysportx.eu\/it\/wp-json\/wp\/v2\/pages"}],"about":[{"href":"https:\/\/mysportx.eu\/it\/wp-json\/wp\/v2\/types\/page"}],"author":[{"embeddable":true,"href":"https:\/\/mysportx.eu\/it\/wp-json\/wp\/v2\/users\/1"}],"replies":[{"embeddable":true,"href":"https:\/\/mysportx.eu\/it\/wp-json\/wp\/v2\/comments?post=2317"}],"version-history":[{"count":15,"href":"https:\/\/mysportx.eu\/it\/wp-json\/wp\/v2\/pages\/2317\/revisions"}],"predecessor-version":[{"id":2711,"href":"https:\/\/mysportx.eu\/it\/wp-json\/wp\/v2\/pages\/2317\/revisions\/2711"}],"wp:attachment":[{"href":"https:\/\/mysportx.eu\/it\/wp-json\/wp\/v2\/media?parent=2317"}],"curies":[{"name":"wp","href":"https:\/\/api.w.org\/{rel}","templated":true}]}}