{"id":2705,"date":"2022-09-24T17:15:33","date_gmt":"2022-09-24T15:15:33","guid":{"rendered":"https:\/\/mysportx.eu\/?page_id=2705"},"modified":"2022-09-24T17:28:37","modified_gmt":"2022-09-24T15:28:37","slug":"benefici","status":"publish","type":"page","link":"https:\/\/mysportx.eu\/it\/benefici\/","title":{"rendered":"Benefits"},"content":{"rendered":"<section class=\"l-section wpb_row us_custom_bad58408 height_custom\"><div class=\"l-section-h i-cf\"><div class=\"g-cols vc_row via_grid cols_1 laptops-cols_inherit tablets-cols_inherit mobiles-cols_1 valign_top type_default stacking_default\"><div class=\"wpb_column vc_column_container us_custom_72fc42ef\"><div class=\"vc_column-inner\"><div class=\"w-separator size_small\"><\/div><div class=\"wpb_text_column us_custom_d57451d8\"><div class=\"wpb_wrapper\"><h2 style=\"text-align: center;\">Vantaggi e servizi<\/h2>\n<\/div><\/div><\/div><\/div><\/div><\/div><\/section><section class=\"l-section wpb_row us_custom_4cfb87d6 height_custom\"><div class=\"l-section-h i-cf\"><div class=\"g-cols vc_row via_grid cols_1 laptops-cols_inherit tablets-cols_inherit mobiles-cols_1 valign_top type_default stacking_default\"><div class=\"wpb_column vc_column_container\"><div class=\"vc_column-inner\"><div class=\"g-cols wpb_row via_grid cols_2 laptops-cols_inherit tablets-cols_inherit mobiles-cols_1 valign_top type_default stacking_default\" style=\"--columns-gap:3rem;\"><div class=\"wpb_column vc_column_container\"><div class=\"vc_column-inner\"><div class=\"w-text us_custom_47bf4ba5\"><span class=\"w-text-h\"><span class=\"w-text-value\">Mnxsportswear.com<\/span><\/span><\/div><div class=\"w-text\"><span class=\"w-text-h\"><span class=\"w-text-value\">MNX Sportswear \u00e8 uno dei principali marchi di abbigliamento sportivo per bodybuilding in Europa. Oltre a prodotti eccellenti, offre anche un servizio di personalizzazione dell&#8217;abbigliamento unico nel suo genere. Tutti coloro che diventano abbonati a Mysportx hanno la possibilit\u00e0 di collaborare con questo grande brand sportivo e promozionale attraverso il social network MNX<\/span><\/span><\/div><\/div><\/div><div class=\"wpb_column vc_column_container\"><div class=\"vc_column-inner\"><div class=\"w-text us_custom_47bf4ba5\"><span class=\"w-text-h\"><span class=\"w-text-value\">Arbos.si<\/span><\/span><\/div><div class=\"w-text\"><span class=\"w-text-h\"><span class=\"w-text-value\">Arbos \u00e8 un&#8217;azienda che offre agli atleti molte opportunit\u00e0 per sviluppare il proprio marchio di abbigliamento, oltre a servizi grafici (ad esempio, logo design) e logistica. L&#8217;azienda vanta molti anni di esperienza nel mondo del bodybuilding e innumerevoli collaborazioni con atleti di bodybuilding.<\/span><\/span><\/div><\/div><\/div><\/div><\/div><\/div><\/div><\/div><\/section><section class=\"l-section wpb_row us_custom_c70c97eb height_custom\"><div class=\"l-section-h i-cf\"><div class=\"g-cols vc_row via_grid cols_1 laptops-cols_inherit tablets-cols_inherit mobiles-cols_1 valign_top type_default stacking_default\"><div class=\"wpb_column vc_column_container\"><div class=\"vc_column-inner\"><div class=\"wpb_text_column\"><div class=\"wpb_wrapper\"><h2 style=\"text-align: center;\">Mysportx \u00e8 pi\u00f9 di un semplice sito web!<\/h2>\n<\/div><\/div><div class=\"w-separator size_medium\"><\/div><div class=\"g-cols wpb_row us_custom_aee5353c via_grid cols_4 laptops-cols_inherit tablets-cols_inherit mobiles-cols_1 valign_top type_default stacking_default\" style=\"--columns-gap:40px;\"><div class=\"wpb_column vc_column_container\"><div class=\"vc_column-inner\"><div class=\"w-iconbox iconpos_top style_default color_primary align_center icontype_img\"><div class=\"w-iconbox-icon\" style=\"font-size:200px;\"><img loading=\"lazy\" decoding=\"async\" width=\"200\" height=\"200\" src=\"https:\/\/mysportx.eu\/wp-content\/uploads\/2022\/08\/design.png\" class=\"attachment-full size-full\" alt=\"\" srcset=\"https:\/\/mysportx.eu\/wp-content\/uploads\/2022\/08\/design.png 200w, https:\/\/mysportx.eu\/wp-content\/uploads\/2022\/08\/design-150x150.png 150w, https:\/\/mysportx.eu\/wp-content\/uploads\/2022\/08\/design-100x100.png 100w\" sizes=\"auto, (max-width: 200px) 100vw, 200px\" \/><\/div><div class=\"w-iconbox-meta\"><h3 class=\"w-iconbox-title\">Disegno grafico<\/h3><div class=\"w-iconbox-text\"><p>Possiamo creare un logo UNICO, aiutare con la promozione, ecc.<\/p>\n<\/div><\/div><\/div><div class=\"w-popup us_custom_7e5620b1 hide_on_default hide_on_laptops hide_on_tablets w-btn-wrapper align_center\"><button type=\"button\" aria-label=\"maggiori informazioni\" class=\"w-popup-trigger type_btn w-btn us-btn-style_5 icon_atleft\"><i class=\"fas fa-fas fa-info\"><\/i><span class=\"w-btn-label\">maggiori informazioni<\/span><\/button><div class=\"w-popup-overlay\" style=\"background:rgba(0,0,0,0.85);\"><\/div><div class=\"w-popup-wrap layout_default\" role=\"dialog\" aria-modal=\"true\" aria-label=\"maggiori informazioni\" style=\"--title-color:var(--color-content-heading);--title-bg-color:var(--color-content-bg-alt);--content-color:var(--color-content-text);--content-bg-color:var(--color-content-bg);--popup-width:600px;--popup-padding:5%;\"><button aria-label=\"Chiudi\" class=\"w-popup-closer\" type=\"button\"><\/button><div class=\"w-popup-box animation_fadeIn closerpos_outside without_title\"><div class=\"w-popup-box-h\"><div class=\"w-popup-box-content\"><p><span style=\"font-weight: 400;\">Se non hai ancora un logo, possiamo realizzarlo per te! Unico e secondo i tuoi desideri da 99\u20ac* in poi. <\/span><\/p>\n<\/div><\/div><\/div><\/div><\/div><\/div><\/div><div class=\"wpb_column vc_column_container\"><div class=\"vc_column-inner\"><div class=\"w-iconbox iconpos_top style_default color_primary align_center icontype_img\"><div class=\"w-iconbox-icon\" style=\"font-size:200px;\"><img loading=\"lazy\" decoding=\"async\" width=\"200\" height=\"200\" src=\"https:\/\/mysportx.eu\/wp-content\/uploads\/2022\/08\/production.png\" class=\"attachment-full size-full\" alt=\"\" srcset=\"https:\/\/mysportx.eu\/wp-content\/uploads\/2022\/08\/production.png 200w, https:\/\/mysportx.eu\/wp-content\/uploads\/2022\/08\/production-150x150.png 150w, https:\/\/mysportx.eu\/wp-content\/uploads\/2022\/08\/production-100x100.png 100w\" sizes=\"auto, (max-width: 200px) 100vw, 200px\" \/><\/div><div class=\"w-iconbox-meta\"><h3 class=\"w-iconbox-title\">Produzione e logistica<\/h3><div class=\"w-iconbox-text\"><p>Vendita di abbigliamento promozionale con il tuo logo con supporto logistico completo.<\/p>\n<\/div><\/div><\/div><div class=\"w-popup hide_on_default hide_on_laptops hide_on_tablets w-btn-wrapper align_center\"><button type=\"button\" aria-label=\"maggiori informazioni\" class=\"w-popup-trigger type_btn w-btn us-btn-style_5 icon_atleft\"><i class=\"fas fa-fas fa-info\"><\/i><span class=\"w-btn-label\">maggiori informazioni<\/span><\/button><div class=\"w-popup-overlay\" style=\"background:rgba(0,0,0,0.85);\"><\/div><div class=\"w-popup-wrap layout_default\" role=\"dialog\" aria-modal=\"true\" aria-label=\"maggiori informazioni\" style=\"--title-color:var(--color-content-heading);--title-bg-color:var(--color-content-bg-alt);--content-color:var(--color-content-text);--content-bg-color:var(--color-content-bg);--popup-width:600px;--popup-padding:5%;\"><button aria-label=\"Chiudi\" class=\"w-popup-closer\" type=\"button\"><\/button><div class=\"w-popup-box animation_fadeIn closerpos_outside without_title\"><div class=\"w-popup-box-h\"><div class=\"w-popup-box-content\"><p>Prossimamente!<\/p>\n<\/div><\/div><\/div><\/div><\/div><\/div><\/div><div class=\"wpb_column vc_column_container\"><div class=\"vc_column-inner\"><div class=\"w-iconbox iconpos_top style_default color_primary align_center icontype_img\"><div class=\"w-iconbox-icon\" style=\"font-size:200px;\"><img loading=\"lazy\" decoding=\"async\" width=\"200\" height=\"200\" src=\"https:\/\/mysportx.eu\/wp-content\/uploads\/2022\/08\/BENEFITS.png\" class=\"attachment-full size-full\" alt=\"\" srcset=\"https:\/\/mysportx.eu\/wp-content\/uploads\/2022\/08\/BENEFITS.png 200w, https:\/\/mysportx.eu\/wp-content\/uploads\/2022\/08\/BENEFITS-150x150.png 150w, https:\/\/mysportx.eu\/wp-content\/uploads\/2022\/08\/BENEFITS-100x100.png 100w\" sizes=\"auto, (max-width: 200px) 100vw, 200px\" \/><\/div><div class=\"w-iconbox-meta\"><h3 class=\"w-iconbox-title\">Vantaggi speciali<\/h3><div class=\"w-iconbox-text\"><p><span style=\"font-weight: 400;\">Special benefits through our business <a href=\"https:\/\/mysportx.eu\/#partners\">partners<\/a> <\/span><\/p>\n<\/div><\/div><\/div><div class=\"w-popup hide_on_default hide_on_laptops hide_on_tablets w-btn-wrapper align_center\"><button type=\"button\" aria-label=\"maggiori informazioni\" class=\"w-popup-trigger type_btn w-btn us-btn-style_5 icon_atleft\"><i class=\"fas fa-fas fa-info\"><\/i><span class=\"w-btn-label\">maggiori informazioni<\/span><\/button><div class=\"w-popup-overlay\" style=\"background:rgba(0,0,0,0.85);\"><\/div><div class=\"w-popup-wrap layout_default\" role=\"dialog\" aria-modal=\"true\" aria-label=\"maggiori informazioni\" style=\"--title-color:var(--color-content-heading);--title-bg-color:var(--color-content-bg-alt);--content-color:var(--color-content-text);--content-bg-color:var(--color-content-bg);--popup-width:600px;--popup-padding:5%;\"><button aria-label=\"Chiudi\" class=\"w-popup-closer\" type=\"button\"><\/button><div class=\"w-popup-box animation_fadeIn closerpos_outside without_title\"><div class=\"w-popup-box-h\"><div class=\"w-popup-box-content\"><p><strong>Sponsorizzazione abbigliamento<\/strong><br \/>In collaborazione con uno dei marchi di abbigliamento sportivo pi\u00f9 riconosciuti, MNX Sportswear, puoi acquistare a prezzi VIP con un codice promozionale unico.<\/p>\n<p><strong>Marketing su Instagram<\/strong><br \/>Non hai tempo o voglia di gestire il tuo profilo Instagram? Abbiamo una soluzione per te. Possiamo metterti in contatto con un team esperto che si occuper\u00e0 dei post e della sana crescita del tuo profilo. Siamo felici di mettere in contatto tutti i nostri clienti con partner commerciali che hanno ottime referenze.<\/p>\n<p><strong>Servizi fotografici<\/strong><br \/>Immagini di qualit\u00e0 sono essenziali se sei un atleta professionista e vorresti presentarti al pubblico. In collaborazione con fotografi professionisti di diversi paesi, offriamo ai nostri clienti prezzi e condizioni speciali!<\/p>\n<p><strong>Integratori e pasti fitness<\/strong><br \/>Siamo orgogliosi di lavorare con diversi negozi di integratori. I nostri abbonati ricevono prezzi speciali da tutti i fornitori di integratori alimentari e sportivi.<\/p>\n<\/div><\/div><\/div><\/div><\/div><\/div><\/div><div class=\"wpb_column vc_column_container\"><div class=\"vc_column-inner\"><div class=\"w-iconbox iconpos_top style_default color_primary align_center icontype_img\"><div class=\"w-iconbox-icon\" style=\"font-size:200px;\"><img loading=\"lazy\" decoding=\"async\" width=\"200\" height=\"200\" src=\"https:\/\/mysportx.eu\/wp-content\/uploads\/2022\/08\/Affiliate-marketing.png\" class=\"attachment-full size-full\" alt=\"\" srcset=\"https:\/\/mysportx.eu\/wp-content\/uploads\/2022\/08\/Affiliate-marketing.png 200w, https:\/\/mysportx.eu\/wp-content\/uploads\/2022\/08\/Affiliate-marketing-150x150.png 150w, https:\/\/mysportx.eu\/wp-content\/uploads\/2022\/08\/Affiliate-marketing-100x100.png 100w\" sizes=\"auto, (max-width: 200px) 100vw, 200px\" \/><\/div><div class=\"w-iconbox-meta\"><h3 class=\"w-iconbox-title\">Marketing di affiliazione<\/h3><div class=\"w-iconbox-text\"><p>Programma Ambassador con possibilit\u00e0 di guadagnare commissioni<\/p>\n<\/div><\/div><\/div><div class=\"w-popup hide_on_default hide_on_laptops hide_on_tablets w-btn-wrapper align_center\"><button type=\"button\" aria-label=\"maggiori informazioni\" class=\"w-popup-trigger type_btn w-btn us-btn-style_5 icon_atleft\"><i class=\"fas fa-fas fa-info\"><\/i><span class=\"w-btn-label\">maggiori informazioni<\/span><\/button><div class=\"w-popup-overlay\" style=\"background:rgba(0,0,0,0.85);\"><\/div><div class=\"w-popup-wrap layout_default\" role=\"dialog\" aria-modal=\"true\" aria-label=\"maggiori informazioni\" style=\"--title-color:var(--color-content-heading);--title-bg-color:var(--color-content-bg-alt);--content-color:var(--color-content-text);--content-bg-color:var(--color-content-bg);--popup-width:600px;--popup-padding:5%;\"><button aria-label=\"Chiudi\" class=\"w-popup-closer\" type=\"button\"><\/button><div class=\"w-popup-box animation_fadeIn closerpos_outside without_title\"><div class=\"w-popup-box-h\"><div class=\"w-popup-box-content\"><p>Prossimamente!<\/p>\n<\/div><\/div><\/div><\/div><\/div><\/div><\/div><\/div><div class=\"g-cols wpb_row hide_on_mobiles via_grid cols_4 laptops-cols_inherit tablets-cols_inherit mobiles-cols_1 valign_top type_default stacking_default\" style=\"--columns-gap:3rem;\"><div class=\"wpb_column vc_column_container\"><div class=\"vc_column-inner\"><div class=\"w-popup us_custom_7e5620b1 w-btn-wrapper align_center\"><button type=\"button\" aria-label=\"maggiori informazioni\" class=\"w-popup-trigger type_btn w-btn us-btn-style_5 icon_atleft\"><i class=\"fas fa-fas fa-info\"><\/i><span class=\"w-btn-label\">maggiori informazioni<\/span><\/button><div class=\"w-popup-overlay\" style=\"background:rgba(0,0,0,0.85);\"><\/div><div class=\"w-popup-wrap layout_default\" role=\"dialog\" aria-modal=\"true\" aria-label=\"maggiori informazioni\" style=\"--title-color:var(--color-content-heading);--title-bg-color:var(--color-content-bg-alt);--content-color:var(--color-content-text);--content-bg-color:var(--color-content-bg);--popup-width:600px;--popup-padding:5%;\"><button aria-label=\"Chiudi\" class=\"w-popup-closer\" type=\"button\"><\/button><div class=\"w-popup-box animation_fadeIn closerpos_outside without_title\"><div class=\"w-popup-box-h\"><div class=\"w-popup-box-content\"><p><span style=\"font-weight: 400;\">Se non hai ancora un logo, possiamo realizzarlo per te! Unico e secondo i tuoi desideri da 99\u20ac* in poi.<\/span><\/p>\n<\/div><\/div><\/div><\/div><\/div><\/div><\/div><div class=\"wpb_column vc_column_container\"><div class=\"vc_column-inner\"><div class=\"w-popup w-btn-wrapper align_center\"><button type=\"button\" aria-label=\"maggiori informazioni\" class=\"w-popup-trigger type_btn w-btn us-btn-style_5 icon_atleft\"><i class=\"fas fa-fas fa-info\"><\/i><span class=\"w-btn-label\">maggiori informazioni<\/span><\/button><div class=\"w-popup-overlay\" style=\"background:rgba(0,0,0,0.85);\"><\/div><div class=\"w-popup-wrap layout_default\" role=\"dialog\" aria-modal=\"true\" aria-label=\"maggiori informazioni\" style=\"--title-color:var(--color-content-heading);--title-bg-color:var(--color-content-bg-alt);--content-color:var(--color-content-text);--content-bg-color:var(--color-content-bg);--popup-width:600px;--popup-padding:5%;\"><button aria-label=\"Chiudi\" class=\"w-popup-closer\" type=\"button\"><\/button><div class=\"w-popup-box animation_fadeIn closerpos_outside without_title\"><div class=\"w-popup-box-h\"><div class=\"w-popup-box-content\"><p>Prossimamente!<\/p>\n<\/div><\/div><\/div><\/div><\/div><\/div><\/div><div class=\"wpb_column vc_column_container\"><div class=\"vc_column-inner\"><div class=\"w-popup w-btn-wrapper align_center\"><button type=\"button\" aria-label=\"maggiori informazioni\" class=\"w-popup-trigger type_btn w-btn us-btn-style_5 icon_atleft\"><i class=\"fas fa-fas fa-info\"><\/i><span class=\"w-btn-label\">maggiori informazioni<\/span><\/button><div class=\"w-popup-overlay\" style=\"background:rgba(0,0,0,0.85);\"><\/div><div class=\"w-popup-wrap layout_default\" role=\"dialog\" aria-modal=\"true\" aria-label=\"maggiori informazioni\" style=\"--title-color:var(--color-content-heading);--title-bg-color:var(--color-content-bg-alt);--content-color:var(--color-content-text);--content-bg-color:var(--color-content-bg);--popup-width:600px;--popup-padding:5%;\"><button aria-label=\"Chiudi\" class=\"w-popup-closer\" type=\"button\"><\/button><div class=\"w-popup-box animation_fadeIn closerpos_outside without_title\"><div class=\"w-popup-box-h\"><div class=\"w-popup-box-content\"><p><strong>Sponsorizzazione abbigliamento<\/strong><br \/>In collaborazione con uno dei marchi di abbigliamento sportivo pi\u00f9 riconosciuti, MNX Sportswear, puoi acquistare a prezzi VIP con un codice promozionale unico.<\/p>\n<p><strong>Marketing su Instagram<\/strong><br \/>Non hai tempo o voglia di gestire il tuo profilo Instagram? Abbiamo una soluzione per te. Possiamo metterti in contatto con un team esperto che si occuper\u00e0 dei post e della sana crescita del tuo profilo. Siamo felici di mettere in contatto tutti i nostri clienti con partner commerciali che hanno ottime referenze.<\/p>\n<p><strong>Servizi fotografici<\/strong><br \/>Immagini di qualit\u00e0 sono essenziali se sei un atleta professionista e vorresti presentarti al pubblico. In collaborazione con fotografi professionisti di diversi paesi, offriamo ai nostri clienti prezzi e condizioni speciali!<\/p>\n<p><strong>Integratori e pasti fitness<\/strong><br \/>Siamo orgogliosi di lavorare con diversi negozi di integratori. I nostri abbonati ricevono prezzi speciali da tutti i fornitori di integratori alimentari e sportivi.<\/p>\n<\/div><\/div><\/div><\/div><\/div><\/div><\/div><div class=\"wpb_column vc_column_container\"><div class=\"vc_column-inner\"><div class=\"w-popup w-btn-wrapper align_center\"><button type=\"button\" aria-label=\"maggiori informazioni\" class=\"w-popup-trigger type_btn w-btn us-btn-style_5 icon_atleft\"><i class=\"fas fa-fas fa-info\"><\/i><span class=\"w-btn-label\">maggiori informazioni<\/span><\/button><div class=\"w-popup-overlay\" style=\"background:rgba(0,0,0,0.85);\"><\/div><div class=\"w-popup-wrap layout_default\" role=\"dialog\" aria-modal=\"true\" aria-label=\"maggiori informazioni\" style=\"--title-color:var(--color-content-heading);--title-bg-color:var(--color-content-bg-alt);--content-color:var(--color-content-text);--content-bg-color:var(--color-content-bg);--popup-width:600px;--popup-padding:5%;\"><button aria-label=\"Chiudi\" class=\"w-popup-closer\" type=\"button\"><\/button><div class=\"w-popup-box animation_fadeIn closerpos_outside without_title\"><div class=\"w-popup-box-h\"><div class=\"w-popup-box-content\"><p>Prossimamente!<\/p>\n<\/div><\/div><\/div><\/div><\/div><\/div><\/div><\/div><\/div><\/div><\/div><\/div><\/section><section class=\"l-section wpb_row us_custom_72fc42ef height_small\"><div class=\"l-section-h i-cf\"><div class=\"g-cols vc_row via_grid cols_1-2 laptops-cols_inherit tablets-cols_1 mobiles-cols_1 valign_top type_default stacking_default\"><div class=\"wpb_column vc_column_container\"><div class=\"vc_column-inner\"><h2 class=\"w-text\"><span class=\"w-text-h\"><span class=\"w-text-value\">INIZIA LA TUA ATTIVIT\u00c0 CON NOI!<\/span><\/span><\/h2><\/div><\/div><div class=\"wpb_column vc_column_container\"><div class=\"vc_column-inner\"><div class=\"w-text us_custom_1ca60907 has_text_color icon_atleft\"><span class=\"w-text-h\"><i class=\"fas fa-fas fa-exclamation\"><\/i><span class=\"w-text-value\">Nessuna scorta, nessun rischio finanziario, nessun problema logistico, nessun tempo speso! Su Mysportx puoi creare la tua pagina web o negozio online dove vendere i tuoi prodotti o servizi.<\/span><\/span><\/div><h3 class=\"w-text us_custom_972c33a7\"><span class=\"w-text-h\"><span class=\"w-text-value\">PERCHE\u2019 Mysportx?<\/span><\/span><\/h3><div class=\"wpb_text_column\"><div class=\"wpb_wrapper\"><p><b>Vuoi avere il tuo sito web, ma non hai tempo e non sai da dove cominciare?<\/b><\/p>\n<ul>\n<li>Ti piacerebbe avere un logo nuovo e moderno?<\/li>\n<li>Vuoi avere un negozio online?<\/li>\n<li>Ti piacerebbe avere un abbigliamento sportivo personalizzato?<\/li>\n<li>Vuoi maggiore visibilit\u00e0 sui social network?<\/li>\n<li>Vuoi avere foto professionali?<\/li>\n<li>Vorresti avere ancora pi\u00f9 vantaggi?<\/li>\n<\/ul>\n<p>\nMysportx si occuper\u00e0 di tutto questo! Creeremo per te un sito Web moderno e ne garantiremo il buon funzionamento. Organizzeremo il tuo negozio online e la logistica. Su tua richiesta, produciamo abbigliamento sportivo con il tuo nuovo logo. Con un team esperto, modifichiamo il tuo profilo Instagram e lo promuoviamo. Forniamo ancora pi\u00f9 vantaggi, come sconti sull\u2019alimentazione sportiva.<\/p>\n<p>\u00c8 importante sottolineare che Mysportx \u00e8 un risparmio di tempo ed energia! Con noi risparmierai tempo prezioso, che potrai dedicare alle cose pi\u00f9 importanti della vita e concentrarti pi\u00f9 facilmente sulla formazione e sui preparativi.<\/p>\n<\/div><\/div><div class=\"g-cols wpb_row via_grid cols_2 laptops-cols_inherit tablets-cols_inherit mobiles-cols_1 valign_top type_default stacking_default\" style=\"--columns-gap:3rem;\"><div class=\"wpb_column vc_column_container\"><div class=\"vc_column-inner\"><div class=\"w-btn-wrapper align_right hide_on_mobiles\"><a class=\"w-btn us-btn-style_1 us_custom_72fc42ef\" href=\"https:\/\/mysportx.eu\/it\/#prezzo\"><span class=\"w-btn-label\">VEDI PREZZI<\/span><\/a><\/div><div class=\"w-btn-wrapper align_center hide_on_default hide_on_laptops hide_on_tablets\"><a class=\"w-btn us-btn-style_1 us_custom_72fc42ef\" href=\"https:\/\/mysportx.eu\/it\/#prezzo\"><span class=\"w-btn-label\">VEDI PREZZI<\/span><\/a><\/div><\/div><\/div><div class=\"wpb_column vc_column_container\"><div class=\"vc_column-inner\"><div class=\"w-btn-wrapper align_left hide_on_mobiles\"><a class=\"w-btn us-btn-style_4 us_custom_72fc42ef\" target=\"_blank\" rel=\"nofollow\" href=\"https:\/\/advancedshop.mysportx.eu\/\"><span class=\"w-btn-label\">Demo<\/span><\/a><\/div><div class=\"w-btn-wrapper align_center hide_on_default hide_on_laptops hide_on_tablets\"><a class=\"w-btn us-btn-style_4 us_custom_72fc42ef\" target=\"_blank\" rel=\"nofollow\" href=\"https:\/\/advancedshop.mysportx.eu\/\"><span class=\"w-btn-label\">Demo<\/span><\/a><\/div><\/div><\/div><div class=\"wpb_column vc_column_container\"><div class=\"vc_column-inner\"><\/div><\/div><\/div><\/div><\/div><\/div><\/div><\/section>\n","protected":false},"excerpt":{"rendered":"","protected":false},"author":1,"featured_media":0,"parent":0,"menu_order":0,"comment_status":"closed","ping_status":"closed","template":"","meta":{"footnotes":""},"class_list":["post-2705","page","type-page","status-publish","hentry"],"_links":{"self":[{"href":"https:\/\/mysportx.eu\/it\/wp-json\/wp\/v2\/pages\/2705","targetHints":{"allow":["GET"]}}],"collection":[{"href":"https:\/\/mysportx.eu\/it\/wp-json\/wp\/v2\/pages"}],"about":[{"href":"https:\/\/mysportx.eu\/it\/wp-json\/wp\/v2\/types\/page"}],"author":[{"embeddable":true,"href":"https:\/\/mysportx.eu\/it\/wp-json\/wp\/v2\/users\/1"}],"replies":[{"embeddable":true,"href":"https:\/\/mysportx.eu\/it\/wp-json\/wp\/v2\/comments?post=2705"}],"version-history":[{"count":4,"href":"https:\/\/mysportx.eu\/it\/wp-json\/wp\/v2\/pages\/2705\/revisions"}],"predecessor-version":[{"id":2709,"href":"https:\/\/mysportx.eu\/it\/wp-json\/wp\/v2\/pages\/2705\/revisions\/2709"}],"wp:attachment":[{"href":"https:\/\/mysportx.eu\/it\/wp-json\/wp\/v2\/media?parent=2705"}],"curies":[{"name":"wp","href":"https:\/\/api.w.org\/{rel}","templated":true}]}}